{"id":150,"date":"2025-11-25T09:37:26","date_gmt":"2025-11-25T08:37:26","guid":{"rendered":"https:\/\/roxella.pl\/sklep\/?post_type=product&#038;p=150"},"modified":"2026-01-26T13:58:52","modified_gmt":"2026-01-26T12:58:52","slug":"masaz-we-dwoje-60-min","status":"publish","type":"product","link":"https:\/\/roxella.pl\/sklep\/produkt\/masaz-we-dwoje-60-min\/","title":{"rendered":"Voucher na masa\u017c |dla dwojga (60 min)"},"content":{"rendered":"<p><strong>Voucher prezentowy na masa\u017c we dwoje<\/strong> to wyj\u0105tkowy pomys\u0142 na prezent dla par, kt\u00f3ry zapewnia wsp\u00f3ln\u0105 chwil\u0119 relaksu i odpr\u0119\u017cenia. W komfortowym, kameralnym gabinecie, stworzonym z my\u015bl\u0105 o intymnej atmosferze, dwie osoby jednocze\u015bnie do\u015bwiadczaj\u0105 b\u0142ogiego ukojenia. Dwie do\u015bwiadczone specjalistki, pracuj\u0105ce w harmonii, wykonuj\u0105 masa\u017c, kt\u00f3ry pomaga zredukowa\u0107 napi\u0119cie, z\u0142agodzi\u0107 b\u00f3l mi\u0119\u015bni i uspokoi\u0107 umys\u0142. Intensywno\u015b\u0107 i techniki s\u0105 zawsze dopasowywane indywidualnie, aby ka\u017cda z os\u00f3b mog\u0142a w pe\u0142ni cieszy\u0107 si\u0119 chwil\u0105.<\/p>\n<p>Podarujcie sobie niezapomniane chwile sp\u0119dzone razem, kt\u00f3re pozwol\u0105 Wam na regeneracj\u0119 i wzmocnienie wi\u0119zi. To idealny spos\u00f3b na celebrowanie Waszej relacji i ucieczk\u0119 od codziennego zgie\u0142ku.<\/p>\n","protected":false},"excerpt":{"rendered":"<p>Masa\u017c dla dwojga to prezent, kt\u00f3ry zagwarantuje Ci podw\u00f3jn\u0105 przyjemno\u015b\u0107. Rozkosz p\u0142ynie z\u00a0relaksuj\u0105cego masa\u017cu i\u00a0\u0142\u0105czy si\u0119 z\u00a0rado\u015bci\u0105, kt\u00f3r\u0105 daje czas sp\u0119dzony razem z\u00a0blisk\u0105 Ci osob\u0105. Ka\u017cdy z\u00a0nas zas\u0142uguje na odpoczynek.<\/p>\n","protected":false},"featured_media":371,"template":"","meta":[],"product_brand":[],"product_cat":[16],"product_tag":[],"class_list":{"0":"post-150","1":"product","2":"type-product","3":"status-publish","4":"has-post-thumbnail","6":"product_cat-vouchery","7":"has-meta has-sticky-meta","9":"first","10":"instock","11":"shipping-taxable","12":"purchasable","13":"product-type-simple"},"jetpack_sharing_enabled":true,"_links":{"self":[{"href":"https:\/\/roxella.pl\/sklep\/wp-json\/wp\/v2\/product\/150","targetHints":{"allow":["GET"]}}],"collection":[{"href":"https:\/\/roxella.pl\/sklep\/wp-json\/wp\/v2\/product"}],"about":[{"href":"https:\/\/roxella.pl\/sklep\/wp-json\/wp\/v2\/types\/product"}],"wp:featuredmedia":[{"embeddable":true,"href":"https:\/\/roxella.pl\/sklep\/wp-json\/wp\/v2\/media\/371"}],"wp:attachment":[{"href":"https:\/\/roxella.pl\/sklep\/wp-json\/wp\/v2\/media?parent=150"}],"wp:term":[{"taxonomy":"product_brand","embeddable":true,"href":"https:\/\/roxella.pl\/sklep\/wp-json\/wp\/v2\/product_brand?post=150"},{"taxonomy":"product_cat","embeddable":true,"href":"https:\/\/roxella.pl\/sklep\/wp-json\/wp\/v2\/product_cat?post=150"},{"taxonomy":"product_tag","embeddable":true,"href":"https:\/\/roxella.pl\/sklep\/wp-json\/wp\/v2\/product_tag?post=150"}],"curies":[{"name":"wp","href":"https:\/\/api.w.org\/{rel}","templated":true}]}}