{"id":153,"date":"2025-11-25T09:33:30","date_gmt":"2025-11-25T08:33:30","guid":{"rendered":"https:\/\/roxella.pl\/sklep\/?post_type=product&#038;p=153"},"modified":"2026-01-26T13:59:31","modified_gmt":"2026-01-26T12:59:31","slug":"terapia-osteopatyczna-u-roksany","status":"publish","type":"product","link":"https:\/\/roxella.pl\/sklep\/produkt\/terapia-osteopatyczna-u-roksany\/","title":{"rendered":"Voucher na terapi\u0119 osteo| u Roksany (45 minut)"},"content":{"rendered":"<p>Voucher na <strong>terapi\u0119 osteopatyczn\u0105<\/strong> u Roksany to wyj\u0105tkowy prezent, kt\u00f3ry \u0142\u0105czy w sobie trosk\u0119 o zdrowie, ulg\u0119 w b\u00f3lu i przywr\u00f3cenie naturalnej r\u00f3wnowagi cia\u0142a.<br \/>\nPodczas wizyty stosujemy holistyczne podej\u015bcie, aby odnale\u017a\u0107 i usun\u0105\u0107 przyczyny dolegliwo\u015bci, a nie tylko ich objawy. Terapia polega na delikatnych technikach manualnych, kt\u00f3re poprawiaj\u0105 ruchomo\u015b\u0107 staw\u00f3w, redukuj\u0105 napi\u0119cia mi\u0119\u015bniowe i przywracaj\u0105 w\u0142a\u015bciwe funkcjonowanie ca\u0142ego organizmu.<\/p>\n<p>Ka\u017cdy <strong>zabieg osteopatyczny<\/strong> jest w pe\u0142ni dostosowany do indywidualnych potrzeb pacjenta, a profesjonalna i empatyczna atmosfera w gabinecie sprzyja pe\u0142nemu zaufaniu i regeneracji.<\/p>\n<p>Podaruj bliskiej osobie szans\u0119 na \u017cycie bez b\u00f3lu i z odzyskan\u0105 swobod\u0105 ruchu \u2013 to inwestycja w jej zdrowie i komfort na d\u0142ugi czas.<\/p>\n","protected":false},"excerpt":{"rendered":"<p>Terapia Osteopatyczna u Roksany<\/p>\n","protected":false},"featured_media":373,"template":"","meta":[],"product_brand":[],"product_cat":[16],"product_tag":[],"class_list":{"0":"post-153","1":"product","2":"type-product","3":"status-publish","4":"has-post-thumbnail","6":"product_cat-vouchery","7":"has-meta has-sticky-meta","9":"first","10":"instock","11":"shipping-taxable","12":"purchasable","13":"product-type-simple"},"jetpack_sharing_enabled":true,"_links":{"self":[{"href":"https:\/\/roxella.pl\/sklep\/wp-json\/wp\/v2\/product\/153","targetHints":{"allow":["GET"]}}],"collection":[{"href":"https:\/\/roxella.pl\/sklep\/wp-json\/wp\/v2\/product"}],"about":[{"href":"https:\/\/roxella.pl\/sklep\/wp-json\/wp\/v2\/types\/product"}],"wp:featuredmedia":[{"embeddable":true,"href":"https:\/\/roxella.pl\/sklep\/wp-json\/wp\/v2\/media\/373"}],"wp:attachment":[{"href":"https:\/\/roxella.pl\/sklep\/wp-json\/wp\/v2\/media?parent=153"}],"wp:term":[{"taxonomy":"product_brand","embeddable":true,"href":"https:\/\/roxella.pl\/sklep\/wp-json\/wp\/v2\/product_brand?post=153"},{"taxonomy":"product_cat","embeddable":true,"href":"https:\/\/roxella.pl\/sklep\/wp-json\/wp\/v2\/product_cat?post=153"},{"taxonomy":"product_tag","embeddable":true,"href":"https:\/\/roxella.pl\/sklep\/wp-json\/wp\/v2\/product_tag?post=153"}],"curies":[{"name":"wp","href":"https:\/\/api.w.org\/{rel}","templated":true}]}}