{"id":253,"date":"2025-12-17T12:32:56","date_gmt":"2025-12-17T11:32:56","guid":{"rendered":"https:\/\/roxella.pl\/sklep\/?post_type=product&#038;p=253"},"modified":"2026-01-26T13:59:52","modified_gmt":"2026-01-26T12:59:52","slug":"terapia-manualna-45-min","status":"publish","type":"product","link":"https:\/\/roxella.pl\/sklep\/produkt\/terapia-manualna-45-min\/","title":{"rendered":"Voucher na terapi\u0119 | manualn\u0105 (45 min)"},"content":{"rendered":"<p>Voucher na <strong>terapi\u0119 manualn\u0105<\/strong> to prezent, kt\u00f3ry \u0142\u0105czy w sobie profesjonaln\u0105 pomoc, ulg\u0119 w b\u00f3lu i regeneracj\u0119 cia\u0142a. To idealny podarunek dla osoby zmagaj\u0105cej si\u0119 z dolegliwo\u015bciami b\u00f3lowymi lub ograniczeniami ruchowymi.<\/p>\n<p>Podczas zabiegu do\u015bwiadczona fizjoterapeutka stosuje precyzyjne, manualne techniki, by zdiagnozowa\u0107 i usun\u0105\u0107 przyczyny b\u00f3lu oraz przywr\u00f3ci\u0107 prawid\u0142owe funkcjonowanie staw\u00f3w i mi\u0119\u015bni. Ka\u017cda sesja jest ca\u0142kowicie spersonalizowana i dostosowana do indywidualnych potrzeb oraz problem\u00f3w pacjenta. Ca\u0142o\u015b\u0107 odbywa si\u0119 w profesjonalnym gabinecie, gdzie atmosfera sprzyja skupieniu na powrocie do zdrowia.<\/p>\n<p>Podaruj bliskiej osobie 45 minut profesjonalnej opieki, kt\u00f3ra pozwoli jej na odzyskanie pe\u0142nej sprawno\u015bci i komfortu w codziennym \u017cyciu.<\/p>\n","protected":false},"excerpt":{"rendered":"<p>Voucher na terapi\u0119 manualn\u0105 to prezent, kt\u00f3ry \u0142\u0105czy w sobie profesjonaln\u0105 pomoc, ulg\u0119 w b\u00f3lu i regeneracj\u0119 cia\u0142a. To idealny podarunek dla osoby zmagaj\u0105cej si\u0119 z dolegliwo\u015bciami b\u00f3lowymi lub ograniczeniami &hellip; <\/p>\n","protected":false},"featured_media":372,"template":"","meta":[],"product_brand":[],"product_cat":[16],"product_tag":[],"class_list":{"0":"post-253","1":"product","2":"type-product","3":"status-publish","4":"has-post-thumbnail","6":"product_cat-vouchery","7":"has-meta has-sticky-meta","9":"first","10":"instock","11":"shipping-taxable","12":"purchasable","13":"product-type-simple"},"jetpack_sharing_enabled":true,"_links":{"self":[{"href":"https:\/\/roxella.pl\/sklep\/wp-json\/wp\/v2\/product\/253","targetHints":{"allow":["GET"]}}],"collection":[{"href":"https:\/\/roxella.pl\/sklep\/wp-json\/wp\/v2\/product"}],"about":[{"href":"https:\/\/roxella.pl\/sklep\/wp-json\/wp\/v2\/types\/product"}],"wp:featuredmedia":[{"embeddable":true,"href":"https:\/\/roxella.pl\/sklep\/wp-json\/wp\/v2\/media\/372"}],"wp:attachment":[{"href":"https:\/\/roxella.pl\/sklep\/wp-json\/wp\/v2\/media?parent=253"}],"wp:term":[{"taxonomy":"product_brand","embeddable":true,"href":"https:\/\/roxella.pl\/sklep\/wp-json\/wp\/v2\/product_brand?post=253"},{"taxonomy":"product_cat","embeddable":true,"href":"https:\/\/roxella.pl\/sklep\/wp-json\/wp\/v2\/product_cat?post=253"},{"taxonomy":"product_tag","embeddable":true,"href":"https:\/\/roxella.pl\/sklep\/wp-json\/wp\/v2\/product_tag?post=253"}],"curies":[{"name":"wp","href":"https:\/\/api.w.org\/{rel}","templated":true}]}}