{"id":259,"date":"2025-12-17T12:38:03","date_gmt":"2025-12-17T11:38:03","guid":{"rendered":"https:\/\/roxella.pl\/sklep\/?post_type=product&#038;p=259"},"modified":"2026-01-26T14:00:04","modified_gmt":"2026-01-26T13:00:04","slug":"masaz-kobido-75-min","status":"publish","type":"product","link":"https:\/\/roxella.pl\/sklep\/produkt\/masaz-kobido-75-min\/","title":{"rendered":"Voucher na masa\u017c | Kobido (75 min)"},"content":{"rendered":"<p><strong>Voucher upominkowy<\/strong> na japo\u0144ski <strong>masa\u017c twarzy Kobido<\/strong> to wyj\u0105tkowy prezent, kt\u00f3ry \u0142\u0105czy w sobie g\u0142\u0119boki relaks z naturalnym efektem liftingu.<\/p>\n<p>To doskona\u0142y podarunek dla ka\u017cdego, kto marzy o chwili wytchnienia i spektakularnej poprawie wygl\u0105du sk\u00f3ry. Podczas 75-minutowego zabiegu masa\u017cysta stosuje intensywne, ale precyzyjne techniki, takie jak drena\u017c limfatyczny, akupresura i g\u0142\u0119bokie ugniatanie, kt\u00f3re dzia\u0142aj\u0105 na najg\u0142\u0119bsze warstwy mi\u0119\u015bni twarzy.<\/p>\n<p><strong>Masa\u017c Kobido<\/strong> widocznie poprawia owal twarzy, redukuje zmarszczki i uj\u0119drnia sk\u00f3r\u0119, jednocze\u015bnie zapewniaj\u0105c uczucie pe\u0142nego odpr\u0119\u017cenia i uwolnienia od napi\u0119\u0107. Ca\u0142o\u015b\u0107 odbywa si\u0119 w komfortowym gabinecie, w atmosferze sprzyjaj\u0105cej regeneracji. Podaruj bliskiej osobie ten unikalny rytua\u0142 pi\u0119kna, kt\u00f3ry pozwoli jej si\u0119 zrelaksowa\u0107 i cieszy\u0107 promienistym wygl\u0105dem.<\/p>\n","protected":false},"excerpt":{"rendered":"<p>Voucher upominkowy na japo\u0144ski masa\u017c twarzy Kobido to wyj\u0105tkowy prezent, kt\u00f3ry \u0142\u0105czy w sobie g\u0142\u0119boki relaks z naturalnym efektem liftingu. To doskona\u0142y podarunek dla ka\u017cdego, kto marzy o chwili wytchnienia &hellip; <\/p>\n","protected":false},"featured_media":369,"template":"","meta":[],"product_brand":[],"product_cat":[16],"product_tag":[],"class_list":{"0":"post-259","1":"product","2":"type-product","3":"status-publish","4":"has-post-thumbnail","6":"product_cat-vouchery","7":"has-meta has-sticky-meta","9":"first","10":"instock","11":"shipping-taxable","12":"purchasable","13":"product-type-simple"},"jetpack_sharing_enabled":true,"_links":{"self":[{"href":"https:\/\/roxella.pl\/sklep\/wp-json\/wp\/v2\/product\/259","targetHints":{"allow":["GET"]}}],"collection":[{"href":"https:\/\/roxella.pl\/sklep\/wp-json\/wp\/v2\/product"}],"about":[{"href":"https:\/\/roxella.pl\/sklep\/wp-json\/wp\/v2\/types\/product"}],"wp:featuredmedia":[{"embeddable":true,"href":"https:\/\/roxella.pl\/sklep\/wp-json\/wp\/v2\/media\/369"}],"wp:attachment":[{"href":"https:\/\/roxella.pl\/sklep\/wp-json\/wp\/v2\/media?parent=259"}],"wp:term":[{"taxonomy":"product_brand","embeddable":true,"href":"https:\/\/roxella.pl\/sklep\/wp-json\/wp\/v2\/product_brand?post=259"},{"taxonomy":"product_cat","embeddable":true,"href":"https:\/\/roxella.pl\/sklep\/wp-json\/wp\/v2\/product_cat?post=259"},{"taxonomy":"product_tag","embeddable":true,"href":"https:\/\/roxella.pl\/sklep\/wp-json\/wp\/v2\/product_tag?post=259"}],"curies":[{"name":"wp","href":"https:\/\/api.w.org\/{rel}","templated":true}]}}