{"id":374,"date":"2026-01-14T15:59:11","date_gmt":"2026-01-14T14:59:11","guid":{"rendered":"https:\/\/roxella.pl\/sklep\/?post_type=product&#038;p=374"},"modified":"2026-02-25T10:40:32","modified_gmt":"2026-02-25T09:40:32","slug":"voucher-na-terapie-specjalistyczna-45-minut","status":"publish","type":"product","link":"https:\/\/roxella.pl\/sklep\/produkt\/voucher-na-terapie-specjalistyczna-45-minut\/","title":{"rendered":"Voucher na terapi\u0119 |specjalistyczn\u0105 (45 minut)"},"content":{"rendered":"<p>Voucher na <strong>terapi\u0119 specjalistyczn\u0105<\/strong> to prezent, kt\u00f3ry \u0142\u0105czy trosk\u0119 o zdrowie z chwil\u0105 g\u0142\u0119bokiej regeneracji. Ten 45-minutowy zabieg to nie tylko relaks, ale przede wszystkim skuteczna terapia, kt\u00f3ra przynosi ulg\u0119 w b\u00f3lu i redukuje napi\u0119cie mi\u0119\u015bniowe.<\/p>\n<p>W ramach zabieg\u00f3w specjalistycznych w Roxelli udzielamy pomocy w zakresie m.in. <strong>terapii stomatologicznej<\/strong>, <strong>terapia uroginekologicznej<\/strong>, czy np.<strong> terapii Ergon Tools<\/strong>. Taki pomys\u0142 na prezent mo\u017ce okaza\u0107 si\u0119 tak\u017ce bardzo trafiony dla sportowca (amatora lub zawodowca), poniewa\u017c specjalizujemy si\u0119 w <strong>rehabilitacji sportowej<\/strong>.<\/p>\n<p>Do\u015bwiadczona terapeutka precyzyjnie dobierze techniki i si\u0142\u0119 nacisku, aby z\u0142agodzi\u0107 dolegliwo\u015bci, poprawi\u0107 kr\u0105\u017cenie i przywr\u00f3ci\u0107 sprawno\u015b\u0107 w konkretnych obszarach. Ca\u0142o\u015b\u0107 odbywa si\u0119 w komfortowym gabinecie, gdzie profesjonalna atmosfera sprzyja pe\u0142nemu odpr\u0119\u017ceniu cia\u0142a i umys\u0142u.<\/p>\n<p>Podaruj bliskiej osobie chwil\u0119 wytchnienia i skuteczn\u0105 pomoc w walce z b\u00f3lem. To inwestycja w jej zdrowie i dobre samopoczucie.<\/p>\n","protected":false},"excerpt":{"rendered":"<p>Voucher na terapi\u0119 specjalistyczn\u0105 to prezent, kt\u00f3ry \u0142\u0105czy trosk\u0119 o zdrowie z chwil\u0105 g\u0142\u0119bokiej regeneracji. Ten 45-minutowy zabieg to nie tylko relaks, ale przede wszystkim skuteczna terapia, kt\u00f3ra przynosi ulg\u0119 &hellip; <\/p>\n","protected":false},"featured_media":457,"template":"","meta":[],"product_brand":[],"product_cat":[15],"product_tag":[],"class_list":{"0":"post-374","1":"product","2":"type-product","3":"status-publish","4":"has-post-thumbnail","6":"product_cat-bez-kategorii","7":"has-meta has-sticky-meta","9":"first","10":"instock","11":"shipping-taxable","12":"purchasable","13":"product-type-simple"},"jetpack_sharing_enabled":true,"_links":{"self":[{"href":"https:\/\/roxella.pl\/sklep\/wp-json\/wp\/v2\/product\/374","targetHints":{"allow":["GET"]}}],"collection":[{"href":"https:\/\/roxella.pl\/sklep\/wp-json\/wp\/v2\/product"}],"about":[{"href":"https:\/\/roxella.pl\/sklep\/wp-json\/wp\/v2\/types\/product"}],"wp:featuredmedia":[{"embeddable":true,"href":"https:\/\/roxella.pl\/sklep\/wp-json\/wp\/v2\/media\/457"}],"wp:attachment":[{"href":"https:\/\/roxella.pl\/sklep\/wp-json\/wp\/v2\/media?parent=374"}],"wp:term":[{"taxonomy":"product_brand","embeddable":true,"href":"https:\/\/roxella.pl\/sklep\/wp-json\/wp\/v2\/product_brand?post=374"},{"taxonomy":"product_cat","embeddable":true,"href":"https:\/\/roxella.pl\/sklep\/wp-json\/wp\/v2\/product_cat?post=374"},{"taxonomy":"product_tag","embeddable":true,"href":"https:\/\/roxella.pl\/sklep\/wp-json\/wp\/v2\/product_tag?post=374"}],"curies":[{"name":"wp","href":"https:\/\/api.w.org\/{rel}","templated":true}]}}