{"id":378,"date":"2026-01-14T16:20:39","date_gmt":"2026-01-14T15:20:39","guid":{"rendered":"https:\/\/roxella.pl\/sklep\/?post_type=product&#038;p=378"},"modified":"2026-01-15T16:10:29","modified_gmt":"2026-01-15T15:10:29","slug":"konsultacja-fizjoterapeutyczna-45-minut","status":"publish","type":"product","link":"https:\/\/roxella.pl\/sklep\/produkt\/konsultacja-fizjoterapeutyczna-45-minut\/","title":{"rendered":"Voucher na konsultacj\u0119| fizjoterapeutyczn\u0105 (45 minut)"},"content":{"rendered":"<p>Voucher na konsultacj\u0119 fizjoterapeutyczn\u0105 w Roxelli to idealny prezent na start lepszego samopoczucia. Szukasz prezentu, kt\u00f3ry ma prawdziw\u0105 warto\u015b\u0107? Podaruj bliskiej osobie pierwszy krok do \u017cycia bez b\u00f3lu i pe\u0142nej sprawno\u015bci. Voucher na profesjonaln\u0105 konsultacj\u0119 fizjoterapeutyczn\u0105 w naszym centrum to wyraz troski o zdrowie i komfort kogo\u015b, kto jest dla Ciebie wa\u017cny.<\/p>\n<p><strong>Co zyskuje osoba obdarowana?<\/strong><\/p>\n<p>To nie tylko wizyta, ale kompleksowy proces diagnostyczny, kt\u00f3ry obejmuje:<\/p>\n<ul>\n<li>szczeg\u00f3\u0142owy wywiad medyczny i badanie funkcjonalne \u2013 aby precyzyjnie znale\u017a\u0107 \u017ar\u00f3d\u0142o dolegliwo\u015bci<\/li>\n<li>indywidualny plan terapii \u2013 konkretne wskaz\u00f3wki i \u015bcie\u017cka powrotu do sprawno\u015bci.<\/li>\n<li>fachowe wsparcie \u2013 wiedza, jak dba\u0107 o cia\u0142o na co dzie\u0144, aby unika\u0107 kontuzji w przysz\u0142o\u015bci<\/li>\n<\/ul>\n<p>&nbsp;<\/p>\n<p><strong>Dla kogo voucher do Roxelli to idealny prezent?<\/strong><\/p>\n<p>Voucher to doskona\u0142y pomys\u0142 dla ka\u017cdego, kto:<\/p>\n<ul>\n<li>skar\u017cy si\u0119 na b\u00f3le kr\u0119gos\u0142upa, staw\u00f3w czy mi\u0119\u015bni<\/li>\n<li>prowadzi aktywny tryb \u017cycia lub uprawia sport<\/li>\n<li>pracuje w pozycji siedz\u0105cej i potrzebuje regeneracji<\/li>\n<li>chce zadba\u0107 o siebie profilaktycznie pod okiem eksperta<\/li>\n<\/ul>\n<p>Zainwestuj w to, co najcenniejsze \u2013 zdrowie i dobre samopoczucie. To prezent, kt\u00f3ry naprawd\u0119 zmienia, a raczej mocno poprawia jako\u015b\u0107 \u017cycia.<\/p>\n","protected":false},"excerpt":{"rendered":"<p>Voucher na konsultacj\u0119 fizjoterapeutyczn\u0105 w Roxelli to idealny prezent na start lepszego samopoczucia. Szukasz prezentu, kt\u00f3ry ma prawdziw\u0105 warto\u015b\u0107? Podaruj bliskiej osobie pierwszy krok do \u017cycia bez b\u00f3lu i pe\u0142nej &hellip; <\/p>\n","protected":false},"featured_media":379,"template":"","meta":[],"product_brand":[],"product_cat":[15],"product_tag":[],"class_list":{"0":"post-378","1":"product","2":"type-product","3":"status-publish","4":"has-post-thumbnail","6":"product_cat-bez-kategorii","7":"has-meta has-sticky-meta","9":"first","10":"instock","11":"shipping-taxable","12":"purchasable","13":"product-type-simple"},"jetpack_sharing_enabled":true,"_links":{"self":[{"href":"https:\/\/roxella.pl\/sklep\/wp-json\/wp\/v2\/product\/378","targetHints":{"allow":["GET"]}}],"collection":[{"href":"https:\/\/roxella.pl\/sklep\/wp-json\/wp\/v2\/product"}],"about":[{"href":"https:\/\/roxella.pl\/sklep\/wp-json\/wp\/v2\/types\/product"}],"wp:featuredmedia":[{"embeddable":true,"href":"https:\/\/roxella.pl\/sklep\/wp-json\/wp\/v2\/media\/379"}],"wp:attachment":[{"href":"https:\/\/roxella.pl\/sklep\/wp-json\/wp\/v2\/media?parent=378"}],"wp:term":[{"taxonomy":"product_brand","embeddable":true,"href":"https:\/\/roxella.pl\/sklep\/wp-json\/wp\/v2\/product_brand?post=378"},{"taxonomy":"product_cat","embeddable":true,"href":"https:\/\/roxella.pl\/sklep\/wp-json\/wp\/v2\/product_cat?post=378"},{"taxonomy":"product_tag","embeddable":true,"href":"https:\/\/roxella.pl\/sklep\/wp-json\/wp\/v2\/product_tag?post=378"}],"curies":[{"name":"wp","href":"https:\/\/api.w.org\/{rel}","templated":true}]}}